{"id":91,"date":"2025-02-27T08:39:44","date_gmt":"2025-02-27T08:39:44","guid":{"rendered":"https:\/\/mstefaniszyn.ksr.zgo.pl\/?page_id=91"},"modified":"2025-02-27T08:43:40","modified_gmt":"2025-02-27T08:43:40","slug":"wlasciwosc","status":"publish","type":"page","link":"https:\/\/stefaniszyn.komornik.zgo.pl\/index.php\/wlasciwosc\/","title":{"rendered":"W\u0142a\u015bciwo\u015b\u0107"},"content":{"rendered":"\t\t<div data-elementor-type=\"wp-page\" data-elementor-id=\"91\" class=\"elementor elementor-91\">\n\t\t\t\t<div class=\"elementor-element elementor-element-4310bab e-flex e-con-boxed e-con e-parent\" data-id=\"4310bab\" data-element_type=\"container\" data-e-type=\"container\">\n\t\t\t\t\t<div class=\"e-con-inner\">\n\t\t\t\t<div class=\"elementor-element elementor-element-ab7a95f elementor-widget elementor-widget-text-editor\" data-id=\"ab7a95f\" data-element_type=\"widget\" data-e-type=\"widget\" data-widget_type=\"text-editor.default\">\n\t\t\t\t<div class=\"elementor-widget-container\">\n\t\t\t\t\t\t\t\t\t<div class=\"row\">\n<div class=\"col-md-12\">\n<p>Zgodnie z art.10 ust.1 ustawy o komornikach s\u0105dowych Komornik dzia\u0142a na obszarze swojego rewiru komorniczego z zastrze\u017ceniem ust.10, kt\u00f3ry stanowi, i\u017c&nbsp;<strong>wierzyciel ma prawo wyboru komornika na obszarze w\u0142a\u015bciwo\u015bci s\u0105du apelacyjnego, na kt\u00f3rym znajduje si\u0119 siedziba kancelarii komornika w\u0142a\u015bciwego<\/strong>&nbsp;z przepisami ustawy z dnia 17 listopada 1964r. \u2013 Kodeks post\u0119powania cywilnego, z wyj\u0105tkiem spraw:<\/p>\n<p>o egzekucj\u0119 z nieruchomo\u015bci;<br>o wydanie nieruchomo\u015bci;<br>o wprowadzenie w posiadanie nieruchomo\u015bci;<br>o opr\u00f3\u017cnienie pomieszcze\u0144, w tym lokali mieszkalnych, z os\u00f3b lub rzeczy;<br>w kt\u00f3rych przepisy o egzekucji z nieruchomo\u015bci stosuje si\u0119 odpowiednio.<\/p>\n<\/div>\n<\/div>\n<div class=\"row\">\n<div class=\"col-md-12\">\n<p>Komornik S\u0105dowy przy S\u0105dzie Rejonowym w Zielonej G\u00f3rze Magdalena Stefaniszyn jest w\u0142a\u015bciwy dla egzekucji z nieruchomo\u015bci dla nast\u0119puj\u0105cych miejscowo\u015bci:<\/p>\n<p><span class=\"bold\">Miasto:<\/span> <u>Zielona G\u00f3ra<\/u><\/p>\n<p><span class=\"bold\">Gminy:<\/span> <u>Czerwie\u0144sk<\/u>, <u>Nowogr\u00f3d Bobrza\u0144ski<\/u>, <u>\u015awidnica<\/u> i <u>Zab\u00f3r<\/u><\/p>\n<\/div>\n<\/div>\t\t\t\t\t\t\t\t<\/div>\n\t\t\t\t<\/div>\n\t\t\t\t\t<\/div>\n\t\t\t\t<\/div>\n\t\t\t\t<\/div>\n\t\t","protected":false},"excerpt":{"rendered":"<p>Zgodnie z art.10 ust.1 ustawy o komornikach s\u0105dowych Komornik dzia\u0142a na obszarze swojego rewiru komorniczego z zastrze\u017ceniem ust.10, kt\u00f3ry stanowi, i\u017c&nbsp;wierzyciel ma prawo wyboru komornika na obszarze w\u0142a\u015bciwo\u015bci s\u0105du apelacyjnego,&hellip;<\/p>\n","protected":false},"author":1,"featured_media":0,"parent":0,"menu_order":0,"comment_status":"closed","ping_status":"closed","template":"","meta":{"footnotes":""},"class_list":["post-91","page","type-page","status-publish","hentry"],"_links":{"self":[{"href":"https:\/\/stefaniszyn.komornik.zgo.pl\/index.php\/wp-json\/wp\/v2\/pages\/91","targetHints":{"allow":["GET"]}}],"collection":[{"href":"https:\/\/stefaniszyn.komornik.zgo.pl\/index.php\/wp-json\/wp\/v2\/pages"}],"about":[{"href":"https:\/\/stefaniszyn.komornik.zgo.pl\/index.php\/wp-json\/wp\/v2\/types\/page"}],"author":[{"embeddable":true,"href":"https:\/\/stefaniszyn.komornik.zgo.pl\/index.php\/wp-json\/wp\/v2\/users\/1"}],"replies":[{"embeddable":true,"href":"https:\/\/stefaniszyn.komornik.zgo.pl\/index.php\/wp-json\/wp\/v2\/comments?post=91"}],"version-history":[{"count":4,"href":"https:\/\/stefaniszyn.komornik.zgo.pl\/index.php\/wp-json\/wp\/v2\/pages\/91\/revisions"}],"predecessor-version":[{"id":95,"href":"https:\/\/stefaniszyn.komornik.zgo.pl\/index.php\/wp-json\/wp\/v2\/pages\/91\/revisions\/95"}],"wp:attachment":[{"href":"https:\/\/stefaniszyn.komornik.zgo.pl\/index.php\/wp-json\/wp\/v2\/media?parent=91"}],"curies":[{"name":"wp","href":"https:\/\/api.w.org\/{rel}","templated":true}]}}